{"id":287,"date":"2024-05-29T04:43:23","date_gmt":"2024-05-29T04:43:23","guid":{"rendered":"https:\/\/bandsaege-selber-bauen.de\/?page_id=287"},"modified":"2024-05-29T04:43:23","modified_gmt":"2024-05-29T04:43:23","slug":"impressum","status":"publish","type":"page","link":"https:\/\/bandsaege-selber-bauen.de\/?page_id=287","title":{"rendered":"Impressum"},"content":{"rendered":"\n<p>Vertreten durch den Gesch\u00e4ftsf\u00fchrer: Herr Michael Truppe<\/p>\n\n\n\n<p><strong>Kooperations- und Gesch\u00e4ftsanfragen:<\/strong><br>business[at]lets-bastel.de<\/p>\n\n\n\n<p><strong>Verantwortlich f\u00fcr redaktionelle Inhalte<\/strong><\/p>\n\n\n\n<p>Herr Michael Truppe<\/p>\n\n\n\n<p><strong>Eintrag im Handelsregister<\/strong><\/p>\n\n\n\n<p>Amtsgericht Memmingen, HRB 18261<\/p>\n\n\n\n<p><strong>Umsatzsteuer Identifikationsnummer (USt-ID)<\/strong><\/p>\n\n\n\n<p>DE 323 901 200<\/p>\n\n\n\n<p><strong>Rechnungsadresse:<br>Old Fox GmbH<\/strong><br>Kieler Stra\u00dfe 28<br>24768 Rendsburg<\/p>\n\n\n\n<p><strong>Firmensitz (keine Lieferadresse):<br>Old Fox GmbH<\/strong><br>Industriestra\u00dfe 5<br>87734 Benningen<\/p>\n\n\n\n<p><strong>Haftung f\u00fcr Links<\/strong><\/p>\n\n\n\n<p>Externe Links unserer Internetseite f\u00fchren zu Inhalten fremder Anbieter. F\u00fcr diese Inhalte ist allein der jeweilige Anbieter verantwortlich. Bei bekannt werden von Rechtsverletzungen werden diese Links umgehend entfernt.<\/p>\n\n\n\n<p><strong>Urheberrechtshinweis<\/strong><\/p>\n\n\n\n<p>Die durch uns erstellten Inhalte und Werke auf dieser Website unterliegen dem deutschen Urheberrecht. Die Vervielf\u00e4ltigung, Bearbeitung, Verbreitung und jede Art der Verwertung au\u00dferhalb der Grenzen des Urheberrechtes bed\u00fcrfen der schriftlichen Zustimmung des jeweiligen Autors bzw. Erstellers. Soweit die Inhalte auf dieser Seite nicht von uns selbst erstellt wurden, werden Urheberrechte Dritter beachtet. Insbesondere werden Inhalte Dritter als solche gekennzeichnet. Sollten Sie trotzdem auf eine Urheberrechtsverletzung aufmerksam werden, wird um einen entsprechenden Hinweis gebeten. Bei Bekanntwerden von Rechtsverletzungen werden wir derartige Inhalte umgehend entfernen.<\/p>\n","protected":false},"excerpt":{"rendered":"<p>Vertreten durch den Gesch\u00e4ftsf\u00fchrer: Herr Michael Truppe Kooperations- und Gesch\u00e4ftsanfragen:business[at]lets-bastel.de Verantwortlich f\u00fcr redaktionelle Inhalte Herr Michael Truppe Eintrag im Handelsregister Amtsgericht Memmingen, HRB 18261 Umsatzsteuer Identifikationsnummer (USt-ID) DE 323 901 200 Rechnungsadresse:Old Fox GmbHKieler Stra\u00dfe 2824768 Rendsburg Firmensitz (keine Lieferadresse):Old Fox GmbHIndustriestra\u00dfe 587734 Benningen Haftung f\u00fcr Links Externe Links unserer Internetseite f\u00fchren zu Inhalten fremder [&hellip;]<\/p>\n","protected":false},"author":1,"featured_media":0,"parent":0,"menu_order":0,"comment_status":"closed","ping_status":"closed","template":"","meta":{"footnotes":""},"class_list":["post-287","page","type-page","status-publish","hentry"],"_links":{"self":[{"href":"https:\/\/bandsaege-selber-bauen.de\/index.php?rest_route=\/wp\/v2\/pages\/287","targetHints":{"allow":["GET"]}}],"collection":[{"href":"https:\/\/bandsaege-selber-bauen.de\/index.php?rest_route=\/wp\/v2\/pages"}],"about":[{"href":"https:\/\/bandsaege-selber-bauen.de\/index.php?rest_route=\/wp\/v2\/types\/page"}],"author":[{"embeddable":true,"href":"https:\/\/bandsaege-selber-bauen.de\/index.php?rest_route=\/wp\/v2\/users\/1"}],"replies":[{"embeddable":true,"href":"https:\/\/bandsaege-selber-bauen.de\/index.php?rest_route=%2Fwp%2Fv2%2Fcomments&post=287"}],"version-history":[{"count":1,"href":"https:\/\/bandsaege-selber-bauen.de\/index.php?rest_route=\/wp\/v2\/pages\/287\/revisions"}],"predecessor-version":[{"id":288,"href":"https:\/\/bandsaege-selber-bauen.de\/index.php?rest_route=\/wp\/v2\/pages\/287\/revisions\/288"}],"wp:attachment":[{"href":"https:\/\/bandsaege-selber-bauen.de\/index.php?rest_route=%2Fwp%2Fv2%2Fmedia&parent=287"}],"curies":[{"name":"wp","href":"https:\/\/api.w.org\/{rel}","templated":true}]}}